{"id":646,"date":"2018-03-06T22:39:32","date_gmt":"2018-03-06T22:39:32","guid":{"rendered":"https:\/\/www.tenisovaskola.net\/?page_id=646"},"modified":"2020-06-10T14:15:17","modified_gmt":"2020-06-10T14:15:17","slug":"prihlaska","status":"publish","type":"page","link":"https:\/\/www.tenisovaskola.net\/index.php\/prihlaska\/","title":{"rendered":"P\u0159ihl\u00e1\u0161ka"},"content":{"rendered":"<p>Pokud m\u00e1te z\u00e1jem vstoupit do Tenisov\u00e9 \u0161koly Mirky Melicherov\u00e9, pros\u00edm o kontakt na e-mail nebo mi zavolejte. M\u016f\u017eete vyu\u017e\u00edt na\u0161eho kontaktn\u00edho formul\u00e1\u0159e:<\/p>\n<div class=\"wpforms-container wpforms-container-full\" id=\"wpforms-807\"><form id=\"wpforms-form-807\" class=\"wpforms-validate wpforms-form wpforms-ajax-form\" data-formid=\"807\" method=\"post\" enctype=\"multipart\/form-data\" action=\"\/index.php\/wp-json\/wp\/v2\/pages\/646\" data-token=\"fa1259b73e5f717058194441941c42dd\" data-token-time=\"1778665741\"><noscript class=\"wpforms-error-noscript\">Chcete-li vyplnit tento formul\u00e1\u0159, pros\u00edm povolte v prohl\u00ed\u017ee\u010di JavaScript.<\/noscript><div class=\"wpforms-field-container\"><div id=\"wpforms-807-field_0-container\" class=\"wpforms-field wpforms-field-name\" data-field-id=\"0\"><label class=\"wpforms-field-label\">Jm\u00e9no <span class=\"wpforms-required-label\">*<\/span><\/label><div class=\"wpforms-field-row wpforms-field-medium\"><div class=\"wpforms-field-row-block wpforms-first wpforms-one-half\"><input type=\"text\" id=\"wpforms-807-field_0\" class=\"wpforms-field-name-first wpforms-field-required\" name=\"wpforms[fields][0][first]\" required><label for=\"wpforms-807-field_0\" class=\"wpforms-field-sublabel after\">K\u0159estn\u00ed jm\u00e9no<\/label><\/div><div class=\"wpforms-field-row-block wpforms-one-half\"><input type=\"text\" id=\"wpforms-807-field_0-last\" class=\"wpforms-field-name-last wpforms-field-required\" name=\"wpforms[fields][0][last]\" required><label for=\"wpforms-807-field_0-last\" class=\"wpforms-field-sublabel after\">P\u0159\u00edjmen\u00ed<\/label><\/div><\/div><\/div><div id=\"wpforms-807-field_1-container\" class=\"wpforms-field wpforms-field-email\" data-field-id=\"1\"><label class=\"wpforms-field-label\" for=\"wpforms-807-field_1\">Email <span class=\"wpforms-required-label\">*<\/span><\/label><input type=\"email\" id=\"wpforms-807-field_1\" class=\"wpforms-field-medium wpforms-field-required\" name=\"wpforms[fields][1]\" spellcheck=\"false\" required><\/div><div id=\"wpforms-807-field_2-container\" class=\"wpforms-field wpforms-field-textarea\" data-field-id=\"2\"><label class=\"wpforms-field-label\" for=\"wpforms-807-field_2\">Koment\u00e1\u0159 nebo zpr\u00e1va <span class=\"wpforms-required-label\">*<\/span><\/label><textarea id=\"wpforms-807-field_2\" class=\"wpforms-field-medium wpforms-field-required\" name=\"wpforms[fields][2]\" required><\/textarea><\/div><div id=\"wpforms-807-field_5-container\" class=\"wpforms-field wpforms-field-gdpr-checkbox\" data-field-id=\"5\"><label class=\"wpforms-field-label\">Dohoda GDPR <span class=\"wpforms-required-label\">*<\/span><\/label><ul id=\"wpforms-807-field_5\" class=\"wpforms-field-required\"><li class=\"choice-1\"><input type=\"checkbox\" id=\"wpforms-807-field_5_1\" name=\"wpforms[fields][5][]\" value=\"Souhlas\u00edm s t\u00edm, aby tento web ukl\u00e1dal m\u00e9 odeslan\u00e9 informace, aby bylo mo\u017en\u00e9 odpov\u011bd\u011bt na m\u016fj po\u017eadavek.\" required ><label class=\"wpforms-field-label-inline\" for=\"wpforms-807-field_5_1\">Souhlas\u00edm s t\u00edm, aby tento web ukl\u00e1dal m\u00e9 odeslan\u00e9 informace, aby bylo mo\u017en\u00e9 odpov\u011bd\u011bt na m\u016fj po\u017eadavek.<\/label><\/li><\/ul><\/div><\/div><!-- .wpforms-field-container --><div class=\"wpforms-field wpforms-field-hp\"><label for=\"wpforms-807-field-hp\" class=\"wpforms-field-label\">Message<\/label><input type=\"text\" name=\"wpforms[hp]\" id=\"wpforms-807-field-hp\" class=\"wpforms-field-medium\"><\/div><div class=\"wpforms-recaptcha-container wpforms-is-recaptcha wpforms-is-recaptcha-type-v2\" ><div class=\"g-recaptcha\" data-sitekey=\"6LdV1KIZAAAAAA8hfqmc1vak0r0H7T6qnQFod-fM\"><\/div><input type=\"text\" name=\"g-recaptcha-hidden\" class=\"wpforms-recaptcha-hidden\" style=\"position:absolute!important;clip:rect(0,0,0,0)!important;height:1px!important;width:1px!important;border:0!important;overflow:hidden!important;padding:0!important;margin:0!important;\" data-rule-recaptcha=\"1\"><\/div><div class=\"wpforms-submit-container\" ><input type=\"hidden\" name=\"wpforms[id]\" value=\"807\"><input type=\"hidden\" name=\"page_title\" value=\"\"><input type=\"hidden\" name=\"page_url\" value=\"https:\/\/www.tenisovaskola.net\/index.php\/wp-json\/wp\/v2\/pages\/646\"><input type=\"hidden\" name=\"url_referer\" value=\"\"><button type=\"submit\" name=\"wpforms[submit]\" id=\"wpforms-submit-807\" class=\"wpforms-submit\" data-alt-text=\"Odes\u00edl\u00e1ni...\" data-submit-text=\"Odeslat\" aria-live=\"assertive\" value=\"wpforms-submit\">Odeslat<\/button><img loading=\"lazy\" decoding=\"async\" src=\"https:\/\/www.tenisovaskola.net\/wp-content\/plugins\/wpforms-lite\/assets\/images\/submit-spin.svg\" class=\"wpforms-submit-spinner\" style=\"display: none;\" width=\"26\" height=\"26\" alt=\"Na\u010d\u00edt\u00e1n\u00ed\"><\/div><\/form><\/div>  <!-- .wpforms-container -->\n<p>Je\u0161t\u011b dopln\u00edm kontakt po staru:<\/p>\n<p>Email: melicherova.mirka@seznam.cz . Mobil: 775 030 846 nebo 730 661 158 a my se V\u00e1m co nejd\u0159\u00edve ozveme.<\/p>\n<p>D\u011bkuji za kontakt Mirka Melicherov\u00e1 &#8211; manager<\/p>\n<p><img loading=\"lazy\" decoding=\"async\" class=\"size-full wp-image-383\" src=\"https:\/\/www.tenisovaskola.net\/wp-content\/uploads\/2018\/03\/mirka_melicherova-2.jpg\" alt=\"mirka_melicherova-2\" width=\"86\" height=\"99\" \/><\/p>\n","protected":false},"excerpt":{"rendered":"<p class=\"excerpt\">Pokud m&aacute;te z&aacute;jem vstoupit do Tenisov&eacute; &scaron;koly Mirky Melicherov&eacute;, pros&iacute;m o kontakt na e-mail nebo mi zavolejte. M&#367;&#382;ete vyu&#382;&iacute;t na&scaron;eho kontaktn&iacute;ho formul&aacute;&#345;e: Je&scaron;t&#283; dopln&iacute;m kontakt po staru: Email: melicherova.mirka@seznam.cz . Mobil: 775 030 846 nebo 730 661 158 a my <a class=\"read-more\" href=\"https:\/\/www.tenisovaskola.net\/index.php\/prihlaska\/\">[klikn\u011bte zde&#8230;]<\/a><\/p>\n","protected":false},"author":1,"featured_media":0,"parent":0,"menu_order":0,"comment_status":"closed","ping_status":"closed","template":"","meta":{"footnotes":""},"class_list":["post-646","page","type-page","status-publish","hentry"],"aioseo_notices":[],"jetpack_sharing_enabled":true,"_links":{"self":[{"href":"https:\/\/www.tenisovaskola.net\/index.php\/wp-json\/wp\/v2\/pages\/646","targetHints":{"allow":["GET"]}}],"collection":[{"href":"https:\/\/www.tenisovaskola.net\/index.php\/wp-json\/wp\/v2\/pages"}],"about":[{"href":"https:\/\/www.tenisovaskola.net\/index.php\/wp-json\/wp\/v2\/types\/page"}],"author":[{"embeddable":true,"href":"https:\/\/www.tenisovaskola.net\/index.php\/wp-json\/wp\/v2\/users\/1"}],"replies":[{"embeddable":true,"href":"https:\/\/www.tenisovaskola.net\/index.php\/wp-json\/wp\/v2\/comments?post=646"}],"version-history":[{"count":14,"href":"https:\/\/www.tenisovaskola.net\/index.php\/wp-json\/wp\/v2\/pages\/646\/revisions"}],"predecessor-version":[{"id":865,"href":"https:\/\/www.tenisovaskola.net\/index.php\/wp-json\/wp\/v2\/pages\/646\/revisions\/865"}],"wp:attachment":[{"href":"https:\/\/www.tenisovaskola.net\/index.php\/wp-json\/wp\/v2\/media?parent=646"}],"curies":[{"name":"wp","href":"https:\/\/api.w.org\/{rel}","templated":true}]}}